{"id":269,"date":"2014-03-03T14:53:49","date_gmt":"2014-03-03T14:53:49","guid":{"rendered":"http:\/\/www.odemocratagb.com\/?page_id=269"},"modified":"2014-04-08T13:43:49","modified_gmt":"2014-04-08T13:43:49","slug":"onde-comer","status":"publish","type":"page","link":"https:\/\/www.odemocratagb.com\/?page_id=269","title":{"rendered":"Restaurante"},"content":{"rendered":"<p><b>RESTAURANTES EM BISSAU<\/b><\/p>\n<p><b>CREOLA<\/b><b>\u00a0<\/b><b><br \/>\n<\/b>Localiza\u00e7\u00e3o: Pra\u00e7a Che Guevara<br \/>\nComida europeia baseada em Grelhados<\/p>\n<p><b>DONA FERNANDA<br \/>\n<\/b>Localiza\u00e7\u00e3o: Santa Luzia<br \/>\nComida europeia e africana com base em grelhados<br \/>\nEspecialidade: Bica Grelhada<\/p>\n<div>\n<p><b>\u00a0<\/b><\/p>\n<p><b>PADEIRA AFRICANA<br \/>\n<\/b>Localiza\u00e7\u00e3o: Rua Marien N\u2019Gouabi,<\/p>\n<p>junto ao Est\u00e1dio Lino Correia<br \/>\nComida europeia:<\/p>\n<p><b>\u00a0<\/b><\/p>\n<p><b>BATE PAPO<br \/>\n<\/b>Localiza\u00e7\u00e3o: Rua Eduardo Mondlane,<\/p>\n<p>junto \u00e0 Esta\u00e7\u00e3o Meteorol\u00f3gica<br \/>\nCom m\u00fasica ao vivo<br \/>\nComida europeia e africana<\/p>\n<p><b>PAPA LOCA<br \/>\n<\/b>Localiza\u00e7\u00e3o: Avenida Francisco Mendes<br \/>\nComida europeia com base em churrascos<\/p>\n<p><b>DOM BIFANAS<br \/>\n<\/b>Localiza\u00e7\u00e3o: Avenida da Unidade Africana,<\/p>\n<p>junto da Assembleia Nacional Popular<br \/>\nComida europeia<\/p>\n<p><b>AZALAI<br \/>\n<\/b>(Restaurante do Hotel Azalai)<\/p>\n<p><b>RESIDENCIAL COIMBRA<br \/>\n<\/b>(Restaurante da residencial Coimbra)<br \/>\nLocaliza\u00e7\u00e3o: Avenida Am\u00edlcar Cabral (centro da cidade)<br \/>\nRestaurante:<\/p>\n<p><b>MALAICA<br \/>\n<\/b>(Restaurante do Hotel Malaica)<br \/>\nLocaliza\u00e7\u00e3o: Avenida Osvaldo Vieira,<\/p>\n<p>perto do Mercado Central<br \/>\nComida europeia:<\/p>\n<p><b>\u00a0<\/b><\/p>\n<p><b>RUBY<br \/>\n<\/b>(Restaurante do ApartHotel Ruby)<br \/>\nLocaliza\u00e7\u00e3o: Rua Vitorino Costa,<\/p>\n<p>junto ao edif\u00edcio das Na\u00e7\u00f5es Unidas<br \/>\nComida europeia e africana:<\/p>\n<p><b>\u00a0<\/b><\/p>\n<p><b>APARTHOTEL JORDANI\u00a0<\/b><br \/>\nLocaliza\u00e7\u00e3o: Rua Pansau Na Isna n\u00ba1,<\/p>\n<p>junto \u00e0 S\u00e9 Catedral<br \/>\nComida europeia:<\/p>\n<p><b>GRINALDI<br \/>\n<\/b>(Restaurante do Hotel Kalliste)<br \/>\nLocaliza\u00e7\u00e3o: Pra\u00e7a Che Guevara<\/p>\n<p>&nbsp;<\/p>\n<p>Comida europeia<\/p>\n<p><b>APARTHOTEL LOBATO<br \/>\n<\/b>Localiza\u00e7\u00e3o: Avenida Pansau Na Isna<br \/>\nComida europeia e africana<br \/>\nRestaurante:<\/p>\n<p><b>HOTEL TA-MAR<br \/>\n<\/b>Localiza\u00e7\u00e3o: Bissau Velho<br \/>\nComida europeia e africana<\/p>\n<p><b>CHEZ AMI<br \/>\n<\/b>Localiza\u00e7\u00e3o: Rua Eduardo Mondelane<br \/>\nComida africana e tamb\u00e9m europeia<br \/>\nEspecialidades: peixe grelhado,<\/p>\n<p>galinha de cafriela e espetadinhas<\/p>\n<p><b>\u00a0<\/b><\/p>\n<p><b>SAMARITANA<br \/>\n<\/b>Localiza\u00e7\u00e3o: Pr\u00e9dio da ASDI (coqueiros)<br \/>\nAv. Unidade Africana<\/p>\n<\/div>\n<p>Comida europeia e africana<br \/>\nRestaurante:<\/p>\n","protected":false},"excerpt":{"rendered":"<p>RESTAURANTES EM BISSAU CREOLA\u00a0 Localiza\u00e7\u00e3o: Pra\u00e7a Che Guevara Comida europeia baseada em Grelhados DONA FERNANDA Localiza\u00e7\u00e3o: Santa Luzia Comida europeia&#8230;<\/p>\n","protected":false},"author":1,"featured_media":0,"parent":0,"menu_order":0,"comment_status":"open","ping_status":"open","template":"","meta":{"footnotes":""},"class_list":["post-269","page","type-page","status-publish","hentry"],"yoast_head":"<!-- This site is optimized with the Yoast SEO plugin v27.5 - https:\/\/yoast.com\/product\/yoast-seo-wordpress\/ -->\n<title>Restaurante  - O Democrata GB<\/title>\n<meta name=\"robots\" content=\"index, follow, max-snippet:-1, max-image-preview:large, max-video-preview:-1\" \/>\n<link rel=\"canonical\" href=\"https:\/\/www.odemocratagb.com\/?page_id=269\" \/>\n<meta property=\"og:locale\" content=\"pt_BR\" \/>\n<meta property=\"og:type\" content=\"article\" \/>\n<meta property=\"og:title\" content=\"Restaurante  - O Democrata GB\" \/>\n<meta property=\"og:description\" content=\"RESTAURANTES EM BISSAU CREOLA\u00a0 Localiza\u00e7\u00e3o: Pra\u00e7a Che Guevara Comida europeia baseada em Grelhados DONA FERNANDA Localiza\u00e7\u00e3o: Santa Luzia Comida europeia...\" \/>\n<meta property=\"og:url\" content=\"https:\/\/www.odemocratagb.com\/?page_id=269\" \/>\n<meta property=\"og:site_name\" content=\"O Democrata GB\" \/>\n<meta property=\"article:publisher\" content=\"https:\/\/www.facebook.com\/jornaldaguinebissau\" \/>\n<meta property=\"article:modified_time\" content=\"2014-04-08T13:43:49+00:00\" \/>\n<meta name=\"twitter:card\" content=\"summary_large_image\" \/>\n<meta name=\"twitter:label1\" content=\"Est. tempo de leitura\" \/>\n\t<meta name=\"twitter:data1\" content=\"1 minuto\" \/>\n<script type=\"application\/ld+json\" class=\"yoast-schema-graph\">{\"@context\":\"https:\\\/\\\/schema.org\",\"@graph\":[{\"@type\":\"WebPage\",\"@id\":\"https:\\\/\\\/www.odemocratagb.com\\\/?page_id=269\",\"url\":\"https:\\\/\\\/www.odemocratagb.com\\\/?page_id=269\",\"name\":\"Restaurante - O Democrata GB\",\"isPartOf\":{\"@id\":\"https:\\\/\\\/www.odemocratagb.com\\\/#website\"},\"datePublished\":\"2014-03-03T14:53:49+00:00\",\"dateModified\":\"2014-04-08T13:43:49+00:00\",\"breadcrumb\":{\"@id\":\"https:\\\/\\\/www.odemocratagb.com\\\/?page_id=269#breadcrumb\"},\"inLanguage\":\"pt-BR\",\"potentialAction\":[{\"@type\":\"ReadAction\",\"target\":[\"https:\\\/\\\/www.odemocratagb.com\\\/?page_id=269\"]}]},{\"@type\":\"BreadcrumbList\",\"@id\":\"https:\\\/\\\/www.odemocratagb.com\\\/?page_id=269#breadcrumb\",\"itemListElement\":[{\"@type\":\"ListItem\",\"position\":1,\"name\":\"In\u00edcio\",\"item\":\"https:\\\/\\\/www.odemocratagb.com\\\/\"},{\"@type\":\"ListItem\",\"position\":2,\"name\":\"Restaurante\"}]},{\"@type\":\"WebSite\",\"@id\":\"https:\\\/\\\/www.odemocratagb.com\\\/#website\",\"url\":\"https:\\\/\\\/www.odemocratagb.com\\\/\",\"name\":\"O Democrata GB\",\"description\":\"Jornal O Democrata GB\",\"publisher\":{\"@id\":\"https:\\\/\\\/www.odemocratagb.com\\\/#organization\"},\"potentialAction\":[{\"@type\":\"SearchAction\",\"target\":{\"@type\":\"EntryPoint\",\"urlTemplate\":\"https:\\\/\\\/www.odemocratagb.com\\\/?s={search_term_string}\"},\"query-input\":{\"@type\":\"PropertyValueSpecification\",\"valueRequired\":true,\"valueName\":\"search_term_string\"}}],\"inLanguage\":\"pt-BR\"},{\"@type\":\"Organization\",\"@id\":\"https:\\\/\\\/www.odemocratagb.com\\\/#organization\",\"name\":\"O Democrata GB\",\"url\":\"https:\\\/\\\/www.odemocratagb.com\\\/\",\"logo\":{\"@type\":\"ImageObject\",\"inLanguage\":\"pt-BR\",\"@id\":\"https:\\\/\\\/www.odemocratagb.com\\\/#\\\/schema\\\/logo\\\/image\\\/\",\"url\":\"https:\\\/\\\/www.odemocratagb.com\\\/wp-content\\\/uploads\\\/2026\\\/04\\\/logo-odemocratagb.png\",\"contentUrl\":\"https:\\\/\\\/www.odemocratagb.com\\\/wp-content\\\/uploads\\\/2026\\\/04\\\/logo-odemocratagb.png\",\"width\":1250,\"height\":327,\"caption\":\"O Democrata GB\"},\"image\":{\"@id\":\"https:\\\/\\\/www.odemocratagb.com\\\/#\\\/schema\\\/logo\\\/image\\\/\"},\"sameAs\":[\"https:\\\/\\\/www.facebook.com\\\/jornaldaguinebissau\",\"https:\\\/\\\/www.instagram.com\\\/odemocratagb\"]}]}<\/script>\n<!-- \/ Yoast SEO plugin. -->","yoast_head_json":{"title":"Restaurante  - O Democrata GB","robots":{"index":"index","follow":"follow","max-snippet":"max-snippet:-1","max-image-preview":"max-image-preview:large","max-video-preview":"max-video-preview:-1"},"canonical":"https:\/\/www.odemocratagb.com\/?page_id=269","og_locale":"pt_BR","og_type":"article","og_title":"Restaurante  - O Democrata GB","og_description":"RESTAURANTES EM BISSAU CREOLA\u00a0 Localiza\u00e7\u00e3o: Pra\u00e7a Che Guevara Comida europeia baseada em Grelhados DONA FERNANDA Localiza\u00e7\u00e3o: Santa Luzia Comida europeia...","og_url":"https:\/\/www.odemocratagb.com\/?page_id=269","og_site_name":"O Democrata GB","article_publisher":"https:\/\/www.facebook.com\/jornaldaguinebissau","article_modified_time":"2014-04-08T13:43:49+00:00","twitter_card":"summary_large_image","twitter_misc":{"Est. tempo de leitura":"1 minuto"},"schema":{"@context":"https:\/\/schema.org","@graph":[{"@type":"WebPage","@id":"https:\/\/www.odemocratagb.com\/?page_id=269","url":"https:\/\/www.odemocratagb.com\/?page_id=269","name":"Restaurante - O Democrata GB","isPartOf":{"@id":"https:\/\/www.odemocratagb.com\/#website"},"datePublished":"2014-03-03T14:53:49+00:00","dateModified":"2014-04-08T13:43:49+00:00","breadcrumb":{"@id":"https:\/\/www.odemocratagb.com\/?page_id=269#breadcrumb"},"inLanguage":"pt-BR","potentialAction":[{"@type":"ReadAction","target":["https:\/\/www.odemocratagb.com\/?page_id=269"]}]},{"@type":"BreadcrumbList","@id":"https:\/\/www.odemocratagb.com\/?page_id=269#breadcrumb","itemListElement":[{"@type":"ListItem","position":1,"name":"In\u00edcio","item":"https:\/\/www.odemocratagb.com\/"},{"@type":"ListItem","position":2,"name":"Restaurante"}]},{"@type":"WebSite","@id":"https:\/\/www.odemocratagb.com\/#website","url":"https:\/\/www.odemocratagb.com\/","name":"O Democrata GB","description":"Jornal O Democrata GB","publisher":{"@id":"https:\/\/www.odemocratagb.com\/#organization"},"potentialAction":[{"@type":"SearchAction","target":{"@type":"EntryPoint","urlTemplate":"https:\/\/www.odemocratagb.com\/?s={search_term_string}"},"query-input":{"@type":"PropertyValueSpecification","valueRequired":true,"valueName":"search_term_string"}}],"inLanguage":"pt-BR"},{"@type":"Organization","@id":"https:\/\/www.odemocratagb.com\/#organization","name":"O Democrata GB","url":"https:\/\/www.odemocratagb.com\/","logo":{"@type":"ImageObject","inLanguage":"pt-BR","@id":"https:\/\/www.odemocratagb.com\/#\/schema\/logo\/image\/","url":"https:\/\/www.odemocratagb.com\/wp-content\/uploads\/2026\/04\/logo-odemocratagb.png","contentUrl":"https:\/\/www.odemocratagb.com\/wp-content\/uploads\/2026\/04\/logo-odemocratagb.png","width":1250,"height":327,"caption":"O Democrata GB"},"image":{"@id":"https:\/\/www.odemocratagb.com\/#\/schema\/logo\/image\/"},"sameAs":["https:\/\/www.facebook.com\/jornaldaguinebissau","https:\/\/www.instagram.com\/odemocratagb"]}]}},"_links":{"self":[{"href":"https:\/\/www.odemocratagb.com\/index.php?rest_route=\/wp\/v2\/pages\/269","targetHints":{"allow":["GET"]}}],"collection":[{"href":"https:\/\/www.odemocratagb.com\/index.php?rest_route=\/wp\/v2\/pages"}],"about":[{"href":"https:\/\/www.odemocratagb.com\/index.php?rest_route=\/wp\/v2\/types\/page"}],"author":[{"embeddable":true,"href":"https:\/\/www.odemocratagb.com\/index.php?rest_route=\/wp\/v2\/users\/1"}],"replies":[{"embeddable":true,"href":"https:\/\/www.odemocratagb.com\/index.php?rest_route=%2Fwp%2Fv2%2Fcomments&post=269"}],"version-history":[{"count":5,"href":"https:\/\/www.odemocratagb.com\/index.php?rest_route=\/wp\/v2\/pages\/269\/revisions"}],"predecessor-version":[{"id":426,"href":"https:\/\/www.odemocratagb.com\/index.php?rest_route=\/wp\/v2\/pages\/269\/revisions\/426"}],"wp:attachment":[{"href":"https:\/\/www.odemocratagb.com\/index.php?rest_route=%2Fwp%2Fv2%2Fmedia&parent=269"}],"curies":[{"name":"wp","href":"https:\/\/api.w.org\/{rel}","templated":true}]}}