{"id":282,"date":"2014-03-14T18:35:14","date_gmt":"2014-03-14T18:35:14","guid":{"rendered":"http:\/\/www.odemocratagb.com\/?page_id=282"},"modified":"2014-03-29T18:05:31","modified_gmt":"2014-03-29T18:05:31","slug":"saude","status":"publish","type":"page","link":"https:\/\/www.odemocratagb.com\/?page_id=282","title":{"rendered":"O que \u00e9 necess\u00e1rio saber da febre da \u00c9bola?"},"content":{"rendered":"<p style=\"text-align: left;\">A febre hemorr\u00e1gica de v\u00edrus de \u00c9bola \u00e9 uma das doen\u00e7as virais das mais virulentas conhecidas no homem.O v\u00edrus \u00c9bola provoca graves irrup\u00e7\u00f5es epid\u00e9micas da febre hemorr\u00e1gica viral no homem.Estas irrup\u00e7\u00f5es t\u00eam uma taxa de capacidade mortal podendo atingir90%. Noutros termos,90%dos doentes acabam por morrer.As irrup\u00e7\u00f5es de febre hemorr\u00e1gica de v\u00edrus de \u00c9bola surgem principalmente nas tabancas isoladas da \u00c1frica Central e da \u00c1frica Ocidental, nas proximidades das florestas\u2019\u2019 ombrophiles\u2019\u2019 tropicais.O v\u00edrus transmite-se ao homem a partir dos animais selvagens e propaga-se em seguida nas popula\u00e7\u00f5es por transmiss\u00e3o inter-humana.\u00a0Pensa-se que os morcegos frug\u00edvoros (da fam\u00edlia dos \u2018\u2019Pteropodidae\u2019\u2019) s\u00e3o os anfitri\u00f5es naturais do v\u00edrus \u00c9bola. N\u00e3o se disp\u00f5e de nenhum tratamento, nem vacina, seja ela para homem ou para animal.<\/p>\n<p><strong>\u00a0 \u00a0 \u00a0 \u00a0 \u00a0 \u00a0 \u00a0 \u00a0 \u00a0 \u00a0 \u00a0 \u00a0 \u00a0 \u00a0 \u00a0 \u00a0 \u00a0 Como se transmite o v\u00edrus \u00c9bola?<\/strong><\/p>\n<p>O v\u00edrus \u00c9bola transmite-se essencialmente de uma pessoa doente a uma pessoa s\u00e3 e tamb\u00e9m por objectos sujos pertencentes \u00e0 pessoas doentes ou falecidas.<br \/>\nNo homem, transmite-se tamb\u00e9m por contacto directo com o sangue, os l\u00edquidos biol\u00f3gicos ou os tecidos de seres infectados. Os ritos funer\u00e1rios, durante os quais os parentes e amigos do defunto ficam em contacto directo com os restos mortais podem igualmente desempenhar um papel na transmiss\u00e3o do v\u00edrus \u00c9bola. Pode haver nisto uma transmiss\u00e3o atrav\u00e9s de esperma at\u00e9 sete semanas ap\u00f3s a cura cl\u00ednica. \u00a0 \u00a0 \u00a0 \u00a0 \u00a0 \u00a0 \u00a0 \u00a0 \u00a0 \u00a0 \u00a0 \u00a0 \u00a0Agentes de sa\u00fade foram muitas vezes contaminadas em contacto com doentes que eles tratavam\u2026\u00a0O consumo de carne de animais de mato infectados pode ser igualmente uma fonte de contamina\u00e7\u00e3o.\u00a0A manipula\u00e7\u00e3o destes animais selvagens (chimpanz\u00e9s, gorilas, outros macacos, ant\u00edlope de florestas, morcegos frug\u00edvoros) doentes ou mortos pode tamb\u00e9m transmitir o v\u00edrus \u00c9bola.<\/p>\n<p style=\"text-align: center;\"><strong>Como reconhecer o \u00c9bola: sinais e sintomas<\/strong><\/p>\n<p>A febre hemorr\u00e1gica de v\u00edrus \u00c9bola \u00e9 uma doen\u00e7a viral aguda caracterizando-se muita das vezes por: Uma brusca subida da temperatura, uma fraqueza intensa, mialgias (dores nos m\u00fasculos), dores de cabe\u00e7a e uma irrita\u00e7\u00e3o da garganta.\u00a0Estes sintomas s\u00e3o seguidos:dev\u00f3mitos, de diarreias, de erup\u00e7\u00f5es cut\u00e2neas, de insufici\u00eancia renal e hep\u00e1tica e, em certos casos, de hemorragias internas e externas.\u00a0As pessoas atingidas podem transmitir a infec\u00e7\u00e3o t\u00e3o longo tempo quanto o seu sangue e as suas secre\u00e7\u00f5es conterem os v\u00edrus. Isolou-se o v\u00edrus \u00c9bola no l\u00edquido seminal at\u00e9 o sexag\u00e9simo primeiro dia ap\u00f3s o come\u00e7o da doen\u00e7a num caso contra\u00eddo no laborat\u00f3rio.\u00a0A dura\u00e7\u00e3o da incuba\u00e7\u00e3o (o tempo passado entre a infec\u00e7\u00e3o e a apari\u00e7\u00e3o dos sintomas) varia de 2 a 21 dias.<\/p>\n<p style=\"text-align: center;\"><strong>Diagnosticar o v\u00edrus \u00c9bola<\/strong><\/p>\n<p>O diagn\u00f3stico diferencial comporta o paludismo, a febre tif\u00f3ide, a \u2018\u2019shigellose\u2019\u2019, a c\u00f3lera, a \u2018\u2019leptospirose\u2019\u2019, a peste, a \u2018\u2019rickettsiose\u2019\u2019, a febre recorrente, a meningite, a hepatite e outras febres hemorr\u00e1gicas virais.<\/p>\n<p style=\"text-align: center;\"><strong>Tratamento e vacina<\/strong><\/p>\n<p style=\"text-align: left;\">Os casos graves devem ser postos em unidade de cuidados intensivos. As doen\u00e7as s\u00e3o muitas das vezes desidratadas e devem ser postos sob perfus\u00e3o ou re-hidratadas por via oral com solu\u00e7\u00f5es de electr\u00f3litos.<br \/>\nN\u00e3o existe ainda nenhum tratamento nem vacina espec\u00edficas para a febre hemorr\u00e1gica de v\u00edrus de \u00c9bola. Novos tratamentos medicamentosos deram resultados promissores em laborat\u00f3rio e est\u00e3o em curso de avalia\u00e7\u00e3o. V\u00e1rias vacinas est\u00e3o em curso de experimenta\u00e7\u00e3o mas ser\u00e1 necess\u00e1rio talvez atingir ainda v\u00e1rios anos antes que uma de entre elas possa ser utilizada.A assump\u00e7\u00e3o dos encargos repousa geralmente num tratamento sintom\u00e1tico.<\/p>\n<p style=\"text-align: center;\"><strong><em>Como Prevenir a febre \u00c9bola?<\/em><\/strong><\/p>\n<p style=\"text-align: left;\">Na aus\u00eancia de tratamento eficaz e de vacina para homem, a sensibiliza\u00e7\u00e3o sobre os factores de risco e o conhecimento das medidas de protec\u00e7\u00e3o a tomar a t\u00edtulo individual s\u00e3o o \u00fanico meio de reduzir a infec\u00e7\u00e3o e a mortalidade no ser humano.\u00a0Assim, ser\u00e1 preciso velar para.\u00a0Evitar qualquer contacto com morcegos ou macacos\/primatas infectados e o consumo da sua carne crua. \u00c9 preciso manipular os animais com luvas e usar vestu\u00e1rios protectores adaptados. Os produtos (sangue e carne) devem ser cozinhados cuidadosamente antes de ser consumidos.\u00a0Evitar os contactos directos e aproximados com seres infectados, nomeadamente com os seus l\u00edquidos biol\u00f3gicos. \u00c9 preciso evitar qualquer contacto muito pr\u00f3ximo com os pacientes infectados pelo v\u00edrus \u00c9bola. \u00c9 necess\u00e1rio usar luvas e um equipamento de protec\u00e7\u00e3o individual adaptado quando se trata dos pacientes no domic\u00edlio. \u00c9 indispens\u00e1vel lavar-se regularmente as m\u00e3os ap\u00f3s ter visitado alguns parentes doentes no hospital ou ap\u00f3s os ter tratados no domic\u00edlio.\u00a0Evitar o contacto com pessoas mortas desta doen\u00e7a e enterrar rapidamente sem correr riscos.\u00a0Evitar que as cria\u00e7\u00f5es de porcos infectados por contacto com os morcegos n\u00e3o disseminem o v\u00edrus e n\u00e3o estejam na origem de irrup\u00e7\u00f5es da febre hemorr\u00e1gica de v\u00edrus \u00c9bola.\u00a0Os agentes de sa\u00fade ocupam-se de casos presumidos ou confirmados de infec\u00e7\u00e3o de v\u00edrus \u00c9bola devem tomar as precau\u00e7\u00f5es necess\u00e1rias para a luta anti-infecciosa.\u00a0Evitar qualquer exposi\u00e7\u00e3o ao sangue e aos l\u00edquidos biol\u00f3gicos de um paciente e \u00e0 qualquer contacto directo sem protec\u00e7\u00e3o com um ambiente suscept\u00edvel de ser contaminado.<\/p>\n<p>Proferir medidas de luta espec\u00edficas em caso de assump\u00e7\u00e3o de encargos dos casos presumidos ou confirmados e refor\u00e7ar as precau\u00e7\u00f5es de uso, em particular as regras de base para a higiene das m\u00e3os, a utiliza\u00e7\u00e3o dos equipamentos de protec\u00e7\u00e3o individuais, a seguran\u00e7a das injec\u00e7\u00f5es e a seguran\u00e7a dos rituais funer\u00e1rios.<\/p>\n","protected":false},"excerpt":{"rendered":"<p>A febre hemorr\u00e1gica de v\u00edrus de \u00c9bola \u00e9 uma das doen\u00e7as virais das mais virulentas conhecidas no homem.O v\u00edrus \u00c9bola&#8230;<\/p>\n","protected":false},"author":1,"featured_media":0,"parent":0,"menu_order":0,"comment_status":"open","ping_status":"open","template":"","meta":{"footnotes":""},"class_list":["post-282","page","type-page","status-publish","hentry"],"yoast_head":"<!-- This site is optimized with the Yoast SEO plugin v27.5 - https:\/\/yoast.com\/product\/yoast-seo-wordpress\/ -->\n<title>O que \u00e9 necess\u00e1rio saber da febre da \u00c9bola? - O Democrata GB<\/title>\n<meta name=\"robots\" content=\"index, follow, max-snippet:-1, max-image-preview:large, max-video-preview:-1\" \/>\n<link rel=\"canonical\" href=\"https:\/\/www.odemocratagb.com\/?page_id=282\" \/>\n<meta property=\"og:locale\" content=\"pt_BR\" \/>\n<meta property=\"og:type\" content=\"article\" \/>\n<meta property=\"og:title\" content=\"O que \u00e9 necess\u00e1rio saber da febre da \u00c9bola? - O Democrata GB\" \/>\n<meta property=\"og:description\" content=\"A febre hemorr\u00e1gica de v\u00edrus de \u00c9bola \u00e9 uma das doen\u00e7as virais das mais virulentas conhecidas no homem.O v\u00edrus \u00c9bola...\" \/>\n<meta property=\"og:url\" content=\"https:\/\/www.odemocratagb.com\/?page_id=282\" \/>\n<meta property=\"og:site_name\" content=\"O Democrata GB\" \/>\n<meta property=\"article:publisher\" content=\"https:\/\/www.facebook.com\/jornaldaguinebissau\" \/>\n<meta property=\"article:modified_time\" content=\"2014-03-29T18:05:31+00:00\" \/>\n<meta name=\"twitter:card\" content=\"summary_large_image\" \/>\n<meta name=\"twitter:label1\" content=\"Est. tempo de leitura\" \/>\n\t<meta name=\"twitter:data1\" content=\"5 minutos\" \/>\n<script type=\"application\/ld+json\" class=\"yoast-schema-graph\">{\"@context\":\"https:\\\/\\\/schema.org\",\"@graph\":[{\"@type\":\"WebPage\",\"@id\":\"https:\\\/\\\/www.odemocratagb.com\\\/?page_id=282\",\"url\":\"https:\\\/\\\/www.odemocratagb.com\\\/?page_id=282\",\"name\":\"O que \u00e9 necess\u00e1rio saber da febre da \u00c9bola? - O Democrata GB\",\"isPartOf\":{\"@id\":\"https:\\\/\\\/www.odemocratagb.com\\\/#website\"},\"datePublished\":\"2014-03-14T18:35:14+00:00\",\"dateModified\":\"2014-03-29T18:05:31+00:00\",\"breadcrumb\":{\"@id\":\"https:\\\/\\\/www.odemocratagb.com\\\/?page_id=282#breadcrumb\"},\"inLanguage\":\"pt-BR\",\"potentialAction\":[{\"@type\":\"ReadAction\",\"target\":[\"https:\\\/\\\/www.odemocratagb.com\\\/?page_id=282\"]}]},{\"@type\":\"BreadcrumbList\",\"@id\":\"https:\\\/\\\/www.odemocratagb.com\\\/?page_id=282#breadcrumb\",\"itemListElement\":[{\"@type\":\"ListItem\",\"position\":1,\"name\":\"In\u00edcio\",\"item\":\"https:\\\/\\\/www.odemocratagb.com\\\/\"},{\"@type\":\"ListItem\",\"position\":2,\"name\":\"O que \u00e9 necess\u00e1rio saber da febre da \u00c9bola?\"}]},{\"@type\":\"WebSite\",\"@id\":\"https:\\\/\\\/www.odemocratagb.com\\\/#website\",\"url\":\"https:\\\/\\\/www.odemocratagb.com\\\/\",\"name\":\"O Democrata GB\",\"description\":\"Jornal O Democrata GB\",\"publisher\":{\"@id\":\"https:\\\/\\\/www.odemocratagb.com\\\/#organization\"},\"potentialAction\":[{\"@type\":\"SearchAction\",\"target\":{\"@type\":\"EntryPoint\",\"urlTemplate\":\"https:\\\/\\\/www.odemocratagb.com\\\/?s={search_term_string}\"},\"query-input\":{\"@type\":\"PropertyValueSpecification\",\"valueRequired\":true,\"valueName\":\"search_term_string\"}}],\"inLanguage\":\"pt-BR\"},{\"@type\":\"Organization\",\"@id\":\"https:\\\/\\\/www.odemocratagb.com\\\/#organization\",\"name\":\"O Democrata GB\",\"url\":\"https:\\\/\\\/www.odemocratagb.com\\\/\",\"logo\":{\"@type\":\"ImageObject\",\"inLanguage\":\"pt-BR\",\"@id\":\"https:\\\/\\\/www.odemocratagb.com\\\/#\\\/schema\\\/logo\\\/image\\\/\",\"url\":\"https:\\\/\\\/www.odemocratagb.com\\\/wp-content\\\/uploads\\\/2026\\\/04\\\/logo-odemocratagb.png\",\"contentUrl\":\"https:\\\/\\\/www.odemocratagb.com\\\/wp-content\\\/uploads\\\/2026\\\/04\\\/logo-odemocratagb.png\",\"width\":1250,\"height\":327,\"caption\":\"O Democrata GB\"},\"image\":{\"@id\":\"https:\\\/\\\/www.odemocratagb.com\\\/#\\\/schema\\\/logo\\\/image\\\/\"},\"sameAs\":[\"https:\\\/\\\/www.facebook.com\\\/jornaldaguinebissau\",\"https:\\\/\\\/www.instagram.com\\\/odemocratagb\"]}]}<\/script>\n<!-- \/ Yoast SEO plugin. -->","yoast_head_json":{"title":"O que \u00e9 necess\u00e1rio saber da febre da \u00c9bola? - O Democrata GB","robots":{"index":"index","follow":"follow","max-snippet":"max-snippet:-1","max-image-preview":"max-image-preview:large","max-video-preview":"max-video-preview:-1"},"canonical":"https:\/\/www.odemocratagb.com\/?page_id=282","og_locale":"pt_BR","og_type":"article","og_title":"O que \u00e9 necess\u00e1rio saber da febre da \u00c9bola? - O Democrata GB","og_description":"A febre hemorr\u00e1gica de v\u00edrus de \u00c9bola \u00e9 uma das doen\u00e7as virais das mais virulentas conhecidas no homem.O v\u00edrus \u00c9bola...","og_url":"https:\/\/www.odemocratagb.com\/?page_id=282","og_site_name":"O Democrata GB","article_publisher":"https:\/\/www.facebook.com\/jornaldaguinebissau","article_modified_time":"2014-03-29T18:05:31+00:00","twitter_card":"summary_large_image","twitter_misc":{"Est. tempo de leitura":"5 minutos"},"schema":{"@context":"https:\/\/schema.org","@graph":[{"@type":"WebPage","@id":"https:\/\/www.odemocratagb.com\/?page_id=282","url":"https:\/\/www.odemocratagb.com\/?page_id=282","name":"O que \u00e9 necess\u00e1rio saber da febre da \u00c9bola? - O Democrata GB","isPartOf":{"@id":"https:\/\/www.odemocratagb.com\/#website"},"datePublished":"2014-03-14T18:35:14+00:00","dateModified":"2014-03-29T18:05:31+00:00","breadcrumb":{"@id":"https:\/\/www.odemocratagb.com\/?page_id=282#breadcrumb"},"inLanguage":"pt-BR","potentialAction":[{"@type":"ReadAction","target":["https:\/\/www.odemocratagb.com\/?page_id=282"]}]},{"@type":"BreadcrumbList","@id":"https:\/\/www.odemocratagb.com\/?page_id=282#breadcrumb","itemListElement":[{"@type":"ListItem","position":1,"name":"In\u00edcio","item":"https:\/\/www.odemocratagb.com\/"},{"@type":"ListItem","position":2,"name":"O que \u00e9 necess\u00e1rio saber da febre da \u00c9bola?"}]},{"@type":"WebSite","@id":"https:\/\/www.odemocratagb.com\/#website","url":"https:\/\/www.odemocratagb.com\/","name":"O Democrata GB","description":"Jornal O Democrata GB","publisher":{"@id":"https:\/\/www.odemocratagb.com\/#organization"},"potentialAction":[{"@type":"SearchAction","target":{"@type":"EntryPoint","urlTemplate":"https:\/\/www.odemocratagb.com\/?s={search_term_string}"},"query-input":{"@type":"PropertyValueSpecification","valueRequired":true,"valueName":"search_term_string"}}],"inLanguage":"pt-BR"},{"@type":"Organization","@id":"https:\/\/www.odemocratagb.com\/#organization","name":"O Democrata GB","url":"https:\/\/www.odemocratagb.com\/","logo":{"@type":"ImageObject","inLanguage":"pt-BR","@id":"https:\/\/www.odemocratagb.com\/#\/schema\/logo\/image\/","url":"https:\/\/www.odemocratagb.com\/wp-content\/uploads\/2026\/04\/logo-odemocratagb.png","contentUrl":"https:\/\/www.odemocratagb.com\/wp-content\/uploads\/2026\/04\/logo-odemocratagb.png","width":1250,"height":327,"caption":"O Democrata GB"},"image":{"@id":"https:\/\/www.odemocratagb.com\/#\/schema\/logo\/image\/"},"sameAs":["https:\/\/www.facebook.com\/jornaldaguinebissau","https:\/\/www.instagram.com\/odemocratagb"]}]}},"_links":{"self":[{"href":"https:\/\/www.odemocratagb.com\/index.php?rest_route=\/wp\/v2\/pages\/282","targetHints":{"allow":["GET"]}}],"collection":[{"href":"https:\/\/www.odemocratagb.com\/index.php?rest_route=\/wp\/v2\/pages"}],"about":[{"href":"https:\/\/www.odemocratagb.com\/index.php?rest_route=\/wp\/v2\/types\/page"}],"author":[{"embeddable":true,"href":"https:\/\/www.odemocratagb.com\/index.php?rest_route=\/wp\/v2\/users\/1"}],"replies":[{"embeddable":true,"href":"https:\/\/www.odemocratagb.com\/index.php?rest_route=%2Fwp%2Fv2%2Fcomments&post=282"}],"version-history":[{"count":7,"href":"https:\/\/www.odemocratagb.com\/index.php?rest_route=\/wp\/v2\/pages\/282\/revisions"}],"predecessor-version":[{"id":347,"href":"https:\/\/www.odemocratagb.com\/index.php?rest_route=\/wp\/v2\/pages\/282\/revisions\/347"}],"wp:attachment":[{"href":"https:\/\/www.odemocratagb.com\/index.php?rest_route=%2Fwp%2Fv2%2Fmedia&parent=282"}],"curies":[{"name":"wp","href":"https:\/\/api.w.org\/{rel}","templated":true}]}}