{"id":494,"date":"2014-04-08T22:36:51","date_gmt":"2014-04-08T22:36:51","guid":{"rendered":"http:\/\/www.odemocratagb.com\/?page_id=494"},"modified":"2014-04-08T22:45:40","modified_gmt":"2014-04-08T22:45:40","slug":"conselhos","status":"publish","type":"page","link":"https:\/\/www.odemocratagb.com\/?page_id=494","title":{"rendered":"Conselhos"},"content":{"rendered":"<p align=\"center\"><b>ALGUNS CONSELHOS IMPORTANTES<\/b><\/p>\n<p><b>\u201cO mundo evoluiu no seu todo&#8230; as empresas, sejam elas p<\/b><b>\u00fa<\/b><b>blicas ou privadas, est<\/b><b>\u00e3<\/b><b>o confrontadas com muitos desafios, as exig\u00eancias s<\/b><b>\u00e3<\/b><b>o outras, atualmente. J<\/b><b>\u00e1<\/b><b> n<\/b><b>\u00e3<\/b><b>o se empregam gentes; mas sim, compram-se os servi\u00e7os (presta\u00e7<\/b><b>\u00e3<\/b><b>o) junto de profissionais qualificados, mediante um contrato\u201d. (by Nhuparbai).<\/b><\/p>\n<p><b>\u00a0<\/b><\/p>\n<p>O curr\u00edculo profissional deve causar uma boa impress\u00e3o mesmo antes do candidato\u00a0ser entrevistado pessoalmente.\u00a0Em meio de muitos curr\u00edculos que o selecionador de RH recebe todos os dias, fazer com que ele se interesse exatamente pelo SEU curr\u00edculo \u00e9 o primeiro passo a dar.<\/p>\n<p>&#8220;A principal fun\u00e7\u00e3o do curr\u00edculo \u00e9 deixar o recrutador com uma boa impress\u00e3o a ponto de convidar o candidato para uma entrevista. Atrav\u00e9s deste resumo, o recrutador poder\u00e1 decidir em poucos minutos se o profissional possui as caracter\u00edsticas desejadas ou n\u00e3o&#8221;, afirma headhunter do portal Recrutando.com, Luiz Pagnez.<\/p>\n<p>Por\u00e9m, o especialista alerta que o selecionador s\u00f3 ser\u00e1 &#8220;fisgado&#8221; se encontrar realmente o que est\u00e1 procurando, pois geralmente os selecionadores trabalham focados em uma vaga espec\u00edfica e v\u00e3o procurar caracter\u00edsticas e palavras- chave que atendam aquela demanda.<\/p>\n<p>&#8220;Se a necessidade \u00e9 encontrar um gerente de projetos com experi\u00eancia no segmento da constru\u00e7\u00e3o civil, n\u00e3o adianta o candidato destacar um PhD em Harvard se n\u00e3o deixar claro no objetivo profissional que ele atua como um gerente de projetos&#8221;.<\/p>\n<p>Os especialistas em recrutamento e sele\u00e7\u00e3o, recomendam vivamente de fazer o CV em uma ou duas p\u00e1ginas (para os mais experientes), \u00e9 suficiente. Mas sobretudo em levar em conta respeitar <b>tr\u00eas ideias b\u00e1sicas<\/b>: verdade, simplicidade e efici\u00eancia, para uma maior credibilidade e confiabilidade ao seu curr\u00edculo, permitindo ao recrutador encontrar o funcion\u00e1rio ideal e n\u00e3o ter surpresas no momento da entrevista.<\/p>\n<p><b>Verdade: <\/b>Voc\u00ea n\u00e3o deve acrescentar habilidades (dizer que o seu ingl\u00eas \u00e9 fluente sendo que ele \u00e9 b\u00e1sico, por exemplo) e qualifica\u00e7\u00f5es que voc\u00ea n\u00e3o tem, j\u00e1 que estas artimanhas s\u00e3o facilmente descobertas. Por outro lado deixar de falar das suas qualidades e talentos que o diferenciam das outras pessoas pode fazer voc\u00ea perder boas oportunidades.<b><\/b><\/p>\n<p><b>Simplicidade: <\/b>Os examinadores tem uma enorme carga di\u00e1ria de avalia\u00e7\u00e3o de curr\u00edculos (dezenas e talvez centenas) e n\u00e3o podem (e n\u00e3o v\u00e3o) perder tempo examinando um documento complexo ou confuso.<b><\/b><\/p>\n<p><b>Efici\u00eancia: <\/b>Ele deve apresentar de forma direta tudo o que o analisador precisar saber sobre voc\u00ea e que condiz com a vaga em quest\u00e3o.<b><\/b><\/p>\n<p>Antes da entrevista, \u00e9 importante conhecer\/tentar conhecer a empresa, seus produtos\/servi\u00e7os para refletir a saber o que podes aportar se se for recrutado.<\/p>\n","protected":false},"excerpt":{"rendered":"<p>ALGUNS CONSELHOS IMPORTANTES \u201cO mundo evoluiu no seu todo&#8230; as empresas, sejam elas p\u00fablicas ou privadas, est\u00e3o confrontadas com muitos&#8230;<\/p>\n","protected":false},"author":1,"featured_media":0,"parent":0,"menu_order":0,"comment_status":"open","ping_status":"open","template":"","meta":{"footnotes":""},"class_list":["post-494","page","type-page","status-publish","hentry"],"yoast_head":"<!-- This site is optimized with the Yoast SEO plugin v27.5 - https:\/\/yoast.com\/product\/yoast-seo-wordpress\/ -->\n<title>Conselhos - O Democrata GB<\/title>\n<meta name=\"robots\" content=\"index, follow, max-snippet:-1, max-image-preview:large, max-video-preview:-1\" \/>\n<link rel=\"canonical\" href=\"https:\/\/www.odemocratagb.com\/?page_id=494\" \/>\n<meta property=\"og:locale\" content=\"pt_BR\" \/>\n<meta property=\"og:type\" content=\"article\" \/>\n<meta property=\"og:title\" content=\"Conselhos - O Democrata GB\" \/>\n<meta property=\"og:description\" content=\"ALGUNS CONSELHOS IMPORTANTES \u201cO mundo evoluiu no seu todo&#8230; as empresas, sejam elas p\u00fablicas ou privadas, est\u00e3o confrontadas com muitos...\" \/>\n<meta property=\"og:url\" content=\"https:\/\/www.odemocratagb.com\/?page_id=494\" \/>\n<meta property=\"og:site_name\" content=\"O Democrata GB\" \/>\n<meta property=\"article:publisher\" content=\"https:\/\/www.facebook.com\/jornaldaguinebissau\" \/>\n<meta property=\"article:modified_time\" content=\"2014-04-08T22:45:40+00:00\" \/>\n<meta name=\"twitter:card\" content=\"summary_large_image\" \/>\n<meta name=\"twitter:label1\" content=\"Est. tempo de leitura\" \/>\n\t<meta name=\"twitter:data1\" content=\"2 minutos\" \/>\n<script type=\"application\/ld+json\" class=\"yoast-schema-graph\">{\"@context\":\"https:\\\/\\\/schema.org\",\"@graph\":[{\"@type\":\"WebPage\",\"@id\":\"https:\\\/\\\/www.odemocratagb.com\\\/?page_id=494\",\"url\":\"https:\\\/\\\/www.odemocratagb.com\\\/?page_id=494\",\"name\":\"Conselhos - O Democrata GB\",\"isPartOf\":{\"@id\":\"https:\\\/\\\/www.odemocratagb.com\\\/#website\"},\"datePublished\":\"2014-04-08T22:36:51+00:00\",\"dateModified\":\"2014-04-08T22:45:40+00:00\",\"breadcrumb\":{\"@id\":\"https:\\\/\\\/www.odemocratagb.com\\\/?page_id=494#breadcrumb\"},\"inLanguage\":\"pt-BR\",\"potentialAction\":[{\"@type\":\"ReadAction\",\"target\":[\"https:\\\/\\\/www.odemocratagb.com\\\/?page_id=494\"]}]},{\"@type\":\"BreadcrumbList\",\"@id\":\"https:\\\/\\\/www.odemocratagb.com\\\/?page_id=494#breadcrumb\",\"itemListElement\":[{\"@type\":\"ListItem\",\"position\":1,\"name\":\"In\u00edcio\",\"item\":\"https:\\\/\\\/www.odemocratagb.com\\\/\"},{\"@type\":\"ListItem\",\"position\":2,\"name\":\"Conselhos\"}]},{\"@type\":\"WebSite\",\"@id\":\"https:\\\/\\\/www.odemocratagb.com\\\/#website\",\"url\":\"https:\\\/\\\/www.odemocratagb.com\\\/\",\"name\":\"O Democrata GB\",\"description\":\"Jornal O Democrata GB\",\"publisher\":{\"@id\":\"https:\\\/\\\/www.odemocratagb.com\\\/#organization\"},\"potentialAction\":[{\"@type\":\"SearchAction\",\"target\":{\"@type\":\"EntryPoint\",\"urlTemplate\":\"https:\\\/\\\/www.odemocratagb.com\\\/?s={search_term_string}\"},\"query-input\":{\"@type\":\"PropertyValueSpecification\",\"valueRequired\":true,\"valueName\":\"search_term_string\"}}],\"inLanguage\":\"pt-BR\"},{\"@type\":\"Organization\",\"@id\":\"https:\\\/\\\/www.odemocratagb.com\\\/#organization\",\"name\":\"O Democrata GB\",\"url\":\"https:\\\/\\\/www.odemocratagb.com\\\/\",\"logo\":{\"@type\":\"ImageObject\",\"inLanguage\":\"pt-BR\",\"@id\":\"https:\\\/\\\/www.odemocratagb.com\\\/#\\\/schema\\\/logo\\\/image\\\/\",\"url\":\"https:\\\/\\\/www.odemocratagb.com\\\/wp-content\\\/uploads\\\/2026\\\/04\\\/logo-odemocratagb.png\",\"contentUrl\":\"https:\\\/\\\/www.odemocratagb.com\\\/wp-content\\\/uploads\\\/2026\\\/04\\\/logo-odemocratagb.png\",\"width\":1250,\"height\":327,\"caption\":\"O Democrata GB\"},\"image\":{\"@id\":\"https:\\\/\\\/www.odemocratagb.com\\\/#\\\/schema\\\/logo\\\/image\\\/\"},\"sameAs\":[\"https:\\\/\\\/www.facebook.com\\\/jornaldaguinebissau\",\"https:\\\/\\\/www.instagram.com\\\/odemocratagb\"]}]}<\/script>\n<!-- \/ Yoast SEO plugin. -->","yoast_head_json":{"title":"Conselhos - O Democrata GB","robots":{"index":"index","follow":"follow","max-snippet":"max-snippet:-1","max-image-preview":"max-image-preview:large","max-video-preview":"max-video-preview:-1"},"canonical":"https:\/\/www.odemocratagb.com\/?page_id=494","og_locale":"pt_BR","og_type":"article","og_title":"Conselhos - O Democrata GB","og_description":"ALGUNS CONSELHOS IMPORTANTES \u201cO mundo evoluiu no seu todo&#8230; as empresas, sejam elas p\u00fablicas ou privadas, est\u00e3o confrontadas com muitos...","og_url":"https:\/\/www.odemocratagb.com\/?page_id=494","og_site_name":"O Democrata GB","article_publisher":"https:\/\/www.facebook.com\/jornaldaguinebissau","article_modified_time":"2014-04-08T22:45:40+00:00","twitter_card":"summary_large_image","twitter_misc":{"Est. tempo de leitura":"2 minutos"},"schema":{"@context":"https:\/\/schema.org","@graph":[{"@type":"WebPage","@id":"https:\/\/www.odemocratagb.com\/?page_id=494","url":"https:\/\/www.odemocratagb.com\/?page_id=494","name":"Conselhos - O Democrata GB","isPartOf":{"@id":"https:\/\/www.odemocratagb.com\/#website"},"datePublished":"2014-04-08T22:36:51+00:00","dateModified":"2014-04-08T22:45:40+00:00","breadcrumb":{"@id":"https:\/\/www.odemocratagb.com\/?page_id=494#breadcrumb"},"inLanguage":"pt-BR","potentialAction":[{"@type":"ReadAction","target":["https:\/\/www.odemocratagb.com\/?page_id=494"]}]},{"@type":"BreadcrumbList","@id":"https:\/\/www.odemocratagb.com\/?page_id=494#breadcrumb","itemListElement":[{"@type":"ListItem","position":1,"name":"In\u00edcio","item":"https:\/\/www.odemocratagb.com\/"},{"@type":"ListItem","position":2,"name":"Conselhos"}]},{"@type":"WebSite","@id":"https:\/\/www.odemocratagb.com\/#website","url":"https:\/\/www.odemocratagb.com\/","name":"O Democrata GB","description":"Jornal O Democrata GB","publisher":{"@id":"https:\/\/www.odemocratagb.com\/#organization"},"potentialAction":[{"@type":"SearchAction","target":{"@type":"EntryPoint","urlTemplate":"https:\/\/www.odemocratagb.com\/?s={search_term_string}"},"query-input":{"@type":"PropertyValueSpecification","valueRequired":true,"valueName":"search_term_string"}}],"inLanguage":"pt-BR"},{"@type":"Organization","@id":"https:\/\/www.odemocratagb.com\/#organization","name":"O Democrata GB","url":"https:\/\/www.odemocratagb.com\/","logo":{"@type":"ImageObject","inLanguage":"pt-BR","@id":"https:\/\/www.odemocratagb.com\/#\/schema\/logo\/image\/","url":"https:\/\/www.odemocratagb.com\/wp-content\/uploads\/2026\/04\/logo-odemocratagb.png","contentUrl":"https:\/\/www.odemocratagb.com\/wp-content\/uploads\/2026\/04\/logo-odemocratagb.png","width":1250,"height":327,"caption":"O Democrata GB"},"image":{"@id":"https:\/\/www.odemocratagb.com\/#\/schema\/logo\/image\/"},"sameAs":["https:\/\/www.facebook.com\/jornaldaguinebissau","https:\/\/www.instagram.com\/odemocratagb"]}]}},"_links":{"self":[{"href":"https:\/\/www.odemocratagb.com\/index.php?rest_route=\/wp\/v2\/pages\/494","targetHints":{"allow":["GET"]}}],"collection":[{"href":"https:\/\/www.odemocratagb.com\/index.php?rest_route=\/wp\/v2\/pages"}],"about":[{"href":"https:\/\/www.odemocratagb.com\/index.php?rest_route=\/wp\/v2\/types\/page"}],"author":[{"embeddable":true,"href":"https:\/\/www.odemocratagb.com\/index.php?rest_route=\/wp\/v2\/users\/1"}],"replies":[{"embeddable":true,"href":"https:\/\/www.odemocratagb.com\/index.php?rest_route=%2Fwp%2Fv2%2Fcomments&post=494"}],"version-history":[{"count":2,"href":"https:\/\/www.odemocratagb.com\/index.php?rest_route=\/wp\/v2\/pages\/494\/revisions"}],"predecessor-version":[{"id":498,"href":"https:\/\/www.odemocratagb.com\/index.php?rest_route=\/wp\/v2\/pages\/494\/revisions\/498"}],"wp:attachment":[{"href":"https:\/\/www.odemocratagb.com\/index.php?rest_route=%2Fwp%2Fv2%2Fmedia&parent=494"}],"curies":[{"name":"wp","href":"https:\/\/api.w.org\/{rel}","templated":true}]}}